{"id":137,"date":"2025-04-01T15:51:20","date_gmt":"2025-04-01T13:51:20","guid":{"rendered":"https:\/\/www.communic-ames.com\/?page_id=137"},"modified":"2025-11-21T14:00:42","modified_gmt":"2025-11-21T13:00:42","slug":"a-propos","status":"publish","type":"page","link":"https:\/\/www.communic-ames.com\/index.php\/a-propos\/","title":{"rendered":"Qui suis-je ?"},"content":{"rendered":"\t\t<div data-elementor-type=\"wp-page\" data-elementor-id=\"137\" class=\"elementor elementor-137\">\n\t\t\t\t<div class=\"elementor-element elementor-element-4169657 e-flex e-con-boxed e-con e-parent\" data-id=\"4169657\" data-element_type=\"container\" data-e-type=\"container\">\n\t\t\t\t\t<div class=\"e-con-inner\">\n\t\t\t\t<div class=\"elementor-element elementor-element-9a64e31 elementor-widget elementor-widget-spacer\" data-id=\"9a64e31\" data-element_type=\"widget\" data-e-type=\"widget\" data-widget_type=\"spacer.default\">\n\t\t\t\t<div class=\"elementor-widget-container\">\n\t\t\t\t\t\t\t<div class=\"elementor-spacer\">\n\t\t\t<div class=\"elementor-spacer-inner\"><\/div>\n\t\t<\/div>\n\t\t\t\t\t\t<\/div>\n\t\t\t\t<\/div>\n\t\t\t\t<div class=\"elementor-element elementor-element-b4d3a50 elementor-widget elementor-widget-text-editor\" data-id=\"b4d3a50\" data-element_type=\"widget\" data-e-type=\"widget\" data-widget_type=\"text-editor.default\">\n\t\t\t\t<div class=\"elementor-widget-container\">\n\t\t\t\t\t\t\t\t\t<p>Originaire de la communaut\u00e9 <strong>Hmong<\/strong> (peuple animiste d&rsquo;Asie du Sud), je descends d&rsquo;une lign\u00e9e de <strong>chamans<\/strong> et de <strong>gu\u00e9risseurs herboristes<\/strong>. J&rsquo;ai grandi au rythme des rituels traditionnels pratiqu\u00e9s au sein des familles.\u00a0<\/p><div dir=\"auto\">\u00a0<\/div><div dir=\"auto\">N\u00e9e en <strong>France<\/strong>, j&rsquo;ai \u00e9t\u00e9 \u00e9lev\u00e9e selon les <strong>us et coutumes<\/strong> transmis par mes parents, arriv\u00e9s dans ce pays apr\u00e8s les diff\u00e9rentes guerres d&rsquo;Asie. La scolarisation m&rsquo;a ensuite confront\u00e9e \u00e0 un monde o\u00f9 le <strong>choc des cultures<\/strong> \u00e9tait omnipr\u00e9sent, me tirant entre <strong>mes origines<\/strong> et la n\u00e9cessaire adaptation \u00e0 <strong>ma patrie<\/strong>. Aujourd&rsquo;hui, je revendique avec fiert\u00e9 cette double identit\u00e9 : je suis autant Hmong que Fran\u00e7aise.<\/div><div dir=\"auto\">\u00a0<\/div><div dir=\"auto\">Mon parcours professionnel s&rsquo;est orient\u00e9 vers la <strong>gestion administrative<\/strong>, domaine dans lequel j&rsquo;ai exerc\u00e9 avec <strong>implication<\/strong> et <strong>int\u00e9r\u00eat<\/strong> durant une quinzaine d&rsquo;ann\u00e9e jusqu&rsquo;\u00e0 ce que je vive un <strong>burn-out<\/strong>.<\/div><div dir=\"auto\">En parall\u00e8le, je m&rsquo;\u00e9tais engag\u00e9e dans des stages de <strong>reconnexion \u00e0 soi<\/strong>, des <strong>formations holistiques<\/strong> (communication animale, passeurs d&rsquo;\u00e2mes, soins \u00e9nerg\u00e9tiques,&#8230;). Ces exp\u00e9riences ont progressivement r\u00e9veill\u00e9 <strong>mes capacit\u00e9s<\/strong>, longtemps refoul\u00e9es dans ma jeunesse car je n&rsquo;\u00e9tais pas pr\u00eate \u00e0 accueillir le monde subtil m\u00eame si je croyais depuis toujours \u00e0 <strong>l&rsquo;existence de l&rsquo;invisible<\/strong>.<\/div><div dir=\"auto\">\u00a0<\/div><div dir=\"auto\">B\u00e9n\u00e9vole au sein d&rsquo;une <strong>association de protection animale<\/strong> depuis 17 ans, j&rsquo;ai d\u00e9velopp\u00e9 un lien profond avec les animaux. C&rsquo;est de cette relation intime qu&rsquo;est n\u00e9e l&rsquo;envie de <strong>leur donner une voix<\/strong>, en cultivant cette connexion particuli\u00e8re.\u00a0<\/div><div dir=\"auto\">\u00a0<\/div><div dir=\"auto\"><strong>Altruiste<\/strong> et <strong>sensible<\/strong> par nature, il m&rsquo;est apparu \u00e9vident de me tourner vers une voie professionnelle plus \u00e9panouissante et enrichissante, qui <strong>me relie \u00e0 moi-m\u00eame<\/strong> et \u00e0 <strong>mes valeurs intrins\u00e8ques<\/strong> : venir en aide aux <strong>\u00eatres vivants<\/strong>, quelle que soit leur incarnation, dans l&rsquo;<strong>amour<\/strong>, le <strong>respect<\/strong> et la <strong>bienveillance<\/strong>.<\/div><div dir=\"auto\">\u00a0<\/div><div dir=\"auto\">C&rsquo;est pourquoi, je souhaite aujourd&rsquo;hui mettre mes capacit\u00e9s <strong>au service des humains et des animaux<\/strong>, afin que chacun puisse retrouver son <strong>bien-\u00eatre<\/strong>.<\/div><div dir=\"auto\">\u00a0<\/div><div dir=\"auto\">Yis\u00a0<\/div>\t\t\t\t\t\t\t\t<\/div>\n\t\t\t\t<\/div>\n\t\t\t\t\t<\/div>\n\t\t\t\t<\/div>\n\t\t<div class=\"elementor-element elementor-element-ba87637 e-flex e-con-boxed e-con e-parent\" data-id=\"ba87637\" data-element_type=\"container\" data-e-type=\"container\">\n\t\t\t\t\t<div class=\"e-con-inner\">\n\t\t\t\t<div class=\"elementor-element elementor-element-d9b1c6f elementor-widget elementor-widget-image\" data-id=\"d9b1c6f\" data-element_type=\"widget\" data-e-type=\"widget\" data-widget_type=\"image.default\">\n\t\t\t\t<div class=\"elementor-widget-container\">\n\t\t\t\t\t\t\t\t\t\t\t\t\t\t\t<img fetchpriority=\"high\" decoding=\"async\" width=\"300\" height=\"265\" src=\"https:\/\/www.communic-ames.com\/wp-content\/uploads\/2025\/10\/DSC_0068-300x265.jpg\" class=\"attachment-medium size-medium wp-image-326\" alt=\"\" srcset=\"https:\/\/www.communic-ames.com\/wp-content\/uploads\/2025\/10\/DSC_0068-300x265.jpg 300w, https:\/\/www.communic-ames.com\/wp-content\/uploads\/2025\/10\/DSC_0068-1024x906.jpg 1024w, https:\/\/www.communic-ames.com\/wp-content\/uploads\/2025\/10\/DSC_0068-768x680.jpg 768w, https:\/\/www.communic-ames.com\/wp-content\/uploads\/2025\/10\/DSC_0068-1536x1359.jpg 1536w, https:\/\/www.communic-ames.com\/wp-content\/uploads\/2025\/10\/DSC_0068-2048x1812.jpg 2048w\" sizes=\"(max-width: 300px) 100vw, 300px\" \/>\t\t\t\t\t\t\t\t\t\t\t\t\t\t\t<\/div>\n\t\t\t\t<\/div>\n\t\t\t\t\t<\/div>\n\t\t\t\t<\/div>\n\t\t\t\t<\/div>\n\t\t","protected":false},"excerpt":{"rendered":"<p>Originaire de la communaut\u00e9 Hmong (peuple animiste d&rsquo;Asie du Sud), je descends d&rsquo;une lign\u00e9e de chamans et de gu\u00e9risseurs herboristes. J&rsquo;ai grandi au rythme des rituels traditionnels pratiqu\u00e9s au sein des familles.\u00a0 \u00a0N\u00e9e en France, j&rsquo;ai \u00e9t\u00e9 \u00e9lev\u00e9e selon les us et coutumes transmis par mes parents, arriv\u00e9s dans ce pays apr\u00e8s les diff\u00e9rentes guerres [&hellip;]<\/p>\n","protected":false},"author":1,"featured_media":0,"parent":0,"menu_order":0,"comment_status":"closed","ping_status":"closed","template":"","meta":{"ocean_post_layout":"","ocean_both_sidebars_style":"","ocean_both_sidebars_content_width":0,"ocean_both_sidebars_sidebars_width":0,"ocean_sidebar":"","ocean_second_sidebar":"","ocean_disable_margins":"enable","ocean_add_body_class":"","ocean_shortcode_before_top_bar":"","ocean_shortcode_after_top_bar":"","ocean_shortcode_before_header":"","ocean_shortcode_after_header":"","ocean_has_shortcode":"","ocean_shortcode_after_title":"","ocean_shortcode_before_footer_widgets":"","ocean_shortcode_after_footer_widgets":"","ocean_shortcode_before_footer_bottom":"","ocean_shortcode_after_footer_bottom":"","ocean_display_top_bar":"default","ocean_display_header":"default","ocean_header_style":"","ocean_center_header_left_menu":"","ocean_custom_header_template":"","ocean_custom_logo":0,"ocean_custom_retina_logo":0,"ocean_custom_logo_max_width":0,"ocean_custom_logo_tablet_max_width":0,"ocean_custom_logo_mobile_max_width":0,"ocean_custom_logo_max_height":0,"ocean_custom_logo_tablet_max_height":0,"ocean_custom_logo_mobile_max_height":0,"ocean_header_custom_menu":"","ocean_menu_typo_font_family":"","ocean_menu_typo_font_subset":"","ocean_menu_typo_font_size":0,"ocean_menu_typo_font_size_tablet":0,"ocean_menu_typo_font_size_mobile":0,"ocean_menu_typo_font_size_unit":"px","ocean_menu_typo_font_weight":"","ocean_menu_typo_font_weight_tablet":"","ocean_menu_typo_font_weight_mobile":"","ocean_menu_typo_transform":"","ocean_menu_typo_transform_tablet":"","ocean_menu_typo_transform_mobile":"","ocean_menu_typo_line_height":0,"ocean_menu_typo_line_height_tablet":0,"ocean_menu_typo_line_height_mobile":0,"ocean_menu_typo_line_height_unit":"","ocean_menu_typo_spacing":0,"ocean_menu_typo_spacing_tablet":0,"ocean_menu_typo_spacing_mobile":0,"ocean_menu_typo_spacing_unit":"","ocean_menu_link_color":"","ocean_menu_link_color_hover":"","ocean_menu_link_color_active":"","ocean_menu_link_background":"","ocean_menu_link_hover_background":"","ocean_menu_link_active_background":"","ocean_menu_social_links_bg":"","ocean_menu_social_hover_links_bg":"","ocean_menu_social_links_color":"","ocean_menu_social_hover_links_color":"","ocean_disable_title":"on","ocean_disable_heading":"default","ocean_post_title":"","ocean_post_subheading":"","ocean_post_title_style":"","ocean_post_title_background_color":"","ocean_post_title_background":0,"ocean_post_title_bg_image_position":"","ocean_post_title_bg_image_attachment":"","ocean_post_title_bg_image_repeat":"","ocean_post_title_bg_image_size":"","ocean_post_title_height":0,"ocean_post_title_bg_overlay":0.5,"ocean_post_title_bg_overlay_color":"","ocean_disable_breadcrumbs":"default","ocean_breadcrumbs_color":"","ocean_breadcrumbs_separator_color":"","ocean_breadcrumbs_links_color":"","ocean_breadcrumbs_links_hover_color":"","ocean_display_footer_widgets":"default","ocean_display_footer_bottom":"default","ocean_custom_footer_template":"","footnotes":""},"class_list":["post-137","page","type-page","status-publish","hentry","entry"],"yoast_head":"<!-- This site is optimized with the Yoast SEO plugin v27.4 - https:\/\/yoast.com\/product\/yoast-seo-wordpress\/ -->\n<title>Qui suis-je ? - Communic&#039;\u00e2mes<\/title>\n<meta name=\"robots\" content=\"index, follow, max-snippet:-1, max-image-preview:large, max-video-preview:-1\" \/>\n<link rel=\"canonical\" href=\"https:\/\/www.communic-ames.com\/index.php\/a-propos\/\" \/>\n<meta property=\"og:locale\" content=\"fr_FR\" \/>\n<meta property=\"og:type\" content=\"article\" \/>\n<meta property=\"og:title\" content=\"Qui suis-je ? - Communic&#039;\u00e2mes\" \/>\n<meta property=\"og:description\" content=\"Originaire de la communaut\u00e9 Hmong (peuple animiste d&rsquo;Asie du Sud), je descends d&rsquo;une lign\u00e9e de chamans et de gu\u00e9risseurs herboristes. J&rsquo;ai grandi au rythme des rituels traditionnels pratiqu\u00e9s au sein des familles.\u00a0 \u00a0N\u00e9e en France, j&rsquo;ai \u00e9t\u00e9 \u00e9lev\u00e9e selon les us et coutumes transmis par mes parents, arriv\u00e9s dans ce pays apr\u00e8s les diff\u00e9rentes guerres [&hellip;]\" \/>\n<meta property=\"og:url\" content=\"https:\/\/www.communic-ames.com\/index.php\/a-propos\/\" \/>\n<meta property=\"og:site_name\" content=\"Communic&#039;\u00e2mes\" \/>\n<meta property=\"article:modified_time\" content=\"2025-11-21T13:00:42+00:00\" \/>\n<meta property=\"og:image\" content=\"https:\/\/www.communic-ames.com\/wp-content\/uploads\/2025\/10\/DSC_0068-300x265.jpg\" \/>\n<meta name=\"twitter:card\" content=\"summary_large_image\" \/>\n<meta name=\"twitter:label1\" content=\"Dur\u00e9e de lecture estim\u00e9e\" \/>\n\t<meta name=\"twitter:data1\" content=\"2 minutes\" \/>\n<script type=\"application\/ld+json\" class=\"yoast-schema-graph\">{\"@context\":\"https:\\\/\\\/schema.org\",\"@graph\":[{\"@type\":\"WebPage\",\"@id\":\"https:\\\/\\\/www.communic-ames.com\\\/index.php\\\/a-propos\\\/\",\"url\":\"https:\\\/\\\/www.communic-ames.com\\\/index.php\\\/a-propos\\\/\",\"name\":\"Qui suis-je ? - Communic&#039;\u00e2mes\",\"isPartOf\":{\"@id\":\"https:\\\/\\\/www.communic-ames.com\\\/#website\"},\"primaryImageOfPage\":{\"@id\":\"https:\\\/\\\/www.communic-ames.com\\\/index.php\\\/a-propos\\\/#primaryimage\"},\"image\":{\"@id\":\"https:\\\/\\\/www.communic-ames.com\\\/index.php\\\/a-propos\\\/#primaryimage\"},\"thumbnailUrl\":\"https:\\\/\\\/www.communic-ames.com\\\/wp-content\\\/uploads\\\/2025\\\/10\\\/DSC_0068-300x265.jpg\",\"datePublished\":\"2025-04-01T13:51:20+00:00\",\"dateModified\":\"2025-11-21T13:00:42+00:00\",\"breadcrumb\":{\"@id\":\"https:\\\/\\\/www.communic-ames.com\\\/index.php\\\/a-propos\\\/#breadcrumb\"},\"inLanguage\":\"fr-FR\",\"potentialAction\":[{\"@type\":\"ReadAction\",\"target\":[\"https:\\\/\\\/www.communic-ames.com\\\/index.php\\\/a-propos\\\/\"]}]},{\"@type\":\"ImageObject\",\"inLanguage\":\"fr-FR\",\"@id\":\"https:\\\/\\\/www.communic-ames.com\\\/index.php\\\/a-propos\\\/#primaryimage\",\"url\":\"https:\\\/\\\/www.communic-ames.com\\\/wp-content\\\/uploads\\\/2025\\\/10\\\/DSC_0068-scaled.jpg\",\"contentUrl\":\"https:\\\/\\\/www.communic-ames.com\\\/wp-content\\\/uploads\\\/2025\\\/10\\\/DSC_0068-scaled.jpg\",\"width\":2560,\"height\":2265},{\"@type\":\"BreadcrumbList\",\"@id\":\"https:\\\/\\\/www.communic-ames.com\\\/index.php\\\/a-propos\\\/#breadcrumb\",\"itemListElement\":[{\"@type\":\"ListItem\",\"position\":1,\"name\":\"Accueil\",\"item\":\"https:\\\/\\\/www.communic-ames.com\\\/\"},{\"@type\":\"ListItem\",\"position\":2,\"name\":\"Qui suis-je ?\"}]},{\"@type\":\"WebSite\",\"@id\":\"https:\\\/\\\/www.communic-ames.com\\\/#website\",\"url\":\"https:\\\/\\\/www.communic-ames.com\\\/\",\"name\":\"www.communic-ames.com\",\"description\":\"\",\"publisher\":{\"@id\":\"https:\\\/\\\/www.communic-ames.com\\\/#organization\"},\"potentialAction\":[{\"@type\":\"SearchAction\",\"target\":{\"@type\":\"EntryPoint\",\"urlTemplate\":\"https:\\\/\\\/www.communic-ames.com\\\/?s={search_term_string}\"},\"query-input\":{\"@type\":\"PropertyValueSpecification\",\"valueRequired\":true,\"valueName\":\"search_term_string\"}}],\"inLanguage\":\"fr-FR\"},{\"@type\":\"Organization\",\"@id\":\"https:\\\/\\\/www.communic-ames.com\\\/#organization\",\"name\":\"Communic'\u00e2mes\",\"url\":\"https:\\\/\\\/www.communic-ames.com\\\/\",\"logo\":{\"@type\":\"ImageObject\",\"inLanguage\":\"fr-FR\",\"@id\":\"https:\\\/\\\/www.communic-ames.com\\\/#\\\/schema\\\/logo\\\/image\\\/\",\"url\":\"https:\\\/\\\/www.communic-ames.com\\\/wp-content\\\/uploads\\\/2025\\\/12\\\/cropped-Logo-Communicames3.png\",\"contentUrl\":\"https:\\\/\\\/www.communic-ames.com\\\/wp-content\\\/uploads\\\/2025\\\/12\\\/cropped-Logo-Communicames3.png\",\"width\":1563,\"height\":858,\"caption\":\"Communic'\u00e2mes\"},\"image\":{\"@id\":\"https:\\\/\\\/www.communic-ames.com\\\/#\\\/schema\\\/logo\\\/image\\\/\"}}]}<\/script>\n<!-- \/ Yoast SEO plugin. -->","yoast_head_json":{"title":"Qui suis-je ? - Communic&#039;\u00e2mes","robots":{"index":"index","follow":"follow","max-snippet":"max-snippet:-1","max-image-preview":"max-image-preview:large","max-video-preview":"max-video-preview:-1"},"canonical":"https:\/\/www.communic-ames.com\/index.php\/a-propos\/","og_locale":"fr_FR","og_type":"article","og_title":"Qui suis-je ? - Communic&#039;\u00e2mes","og_description":"Originaire de la communaut\u00e9 Hmong (peuple animiste d&rsquo;Asie du Sud), je descends d&rsquo;une lign\u00e9e de chamans et de gu\u00e9risseurs herboristes. J&rsquo;ai grandi au rythme des rituels traditionnels pratiqu\u00e9s au sein des familles.\u00a0 \u00a0N\u00e9e en France, j&rsquo;ai \u00e9t\u00e9 \u00e9lev\u00e9e selon les us et coutumes transmis par mes parents, arriv\u00e9s dans ce pays apr\u00e8s les diff\u00e9rentes guerres [&hellip;]","og_url":"https:\/\/www.communic-ames.com\/index.php\/a-propos\/","og_site_name":"Communic&#039;\u00e2mes","article_modified_time":"2025-11-21T13:00:42+00:00","og_image":[{"url":"https:\/\/www.communic-ames.com\/wp-content\/uploads\/2025\/10\/DSC_0068-300x265.jpg","type":"","width":"","height":""}],"twitter_card":"summary_large_image","twitter_misc":{"Dur\u00e9e de lecture estim\u00e9e":"2 minutes"},"schema":{"@context":"https:\/\/schema.org","@graph":[{"@type":"WebPage","@id":"https:\/\/www.communic-ames.com\/index.php\/a-propos\/","url":"https:\/\/www.communic-ames.com\/index.php\/a-propos\/","name":"Qui suis-je ? - Communic&#039;\u00e2mes","isPartOf":{"@id":"https:\/\/www.communic-ames.com\/#website"},"primaryImageOfPage":{"@id":"https:\/\/www.communic-ames.com\/index.php\/a-propos\/#primaryimage"},"image":{"@id":"https:\/\/www.communic-ames.com\/index.php\/a-propos\/#primaryimage"},"thumbnailUrl":"https:\/\/www.communic-ames.com\/wp-content\/uploads\/2025\/10\/DSC_0068-300x265.jpg","datePublished":"2025-04-01T13:51:20+00:00","dateModified":"2025-11-21T13:00:42+00:00","breadcrumb":{"@id":"https:\/\/www.communic-ames.com\/index.php\/a-propos\/#breadcrumb"},"inLanguage":"fr-FR","potentialAction":[{"@type":"ReadAction","target":["https:\/\/www.communic-ames.com\/index.php\/a-propos\/"]}]},{"@type":"ImageObject","inLanguage":"fr-FR","@id":"https:\/\/www.communic-ames.com\/index.php\/a-propos\/#primaryimage","url":"https:\/\/www.communic-ames.com\/wp-content\/uploads\/2025\/10\/DSC_0068-scaled.jpg","contentUrl":"https:\/\/www.communic-ames.com\/wp-content\/uploads\/2025\/10\/DSC_0068-scaled.jpg","width":2560,"height":2265},{"@type":"BreadcrumbList","@id":"https:\/\/www.communic-ames.com\/index.php\/a-propos\/#breadcrumb","itemListElement":[{"@type":"ListItem","position":1,"name":"Accueil","item":"https:\/\/www.communic-ames.com\/"},{"@type":"ListItem","position":2,"name":"Qui suis-je ?"}]},{"@type":"WebSite","@id":"https:\/\/www.communic-ames.com\/#website","url":"https:\/\/www.communic-ames.com\/","name":"www.communic-ames.com","description":"","publisher":{"@id":"https:\/\/www.communic-ames.com\/#organization"},"potentialAction":[{"@type":"SearchAction","target":{"@type":"EntryPoint","urlTemplate":"https:\/\/www.communic-ames.com\/?s={search_term_string}"},"query-input":{"@type":"PropertyValueSpecification","valueRequired":true,"valueName":"search_term_string"}}],"inLanguage":"fr-FR"},{"@type":"Organization","@id":"https:\/\/www.communic-ames.com\/#organization","name":"Communic'\u00e2mes","url":"https:\/\/www.communic-ames.com\/","logo":{"@type":"ImageObject","inLanguage":"fr-FR","@id":"https:\/\/www.communic-ames.com\/#\/schema\/logo\/image\/","url":"https:\/\/www.communic-ames.com\/wp-content\/uploads\/2025\/12\/cropped-Logo-Communicames3.png","contentUrl":"https:\/\/www.communic-ames.com\/wp-content\/uploads\/2025\/12\/cropped-Logo-Communicames3.png","width":1563,"height":858,"caption":"Communic'\u00e2mes"},"image":{"@id":"https:\/\/www.communic-ames.com\/#\/schema\/logo\/image\/"}}]}},"_links":{"self":[{"href":"https:\/\/www.communic-ames.com\/index.php\/wp-json\/wp\/v2\/pages\/137","targetHints":{"allow":["GET"]}}],"collection":[{"href":"https:\/\/www.communic-ames.com\/index.php\/wp-json\/wp\/v2\/pages"}],"about":[{"href":"https:\/\/www.communic-ames.com\/index.php\/wp-json\/wp\/v2\/types\/page"}],"author":[{"embeddable":true,"href":"https:\/\/www.communic-ames.com\/index.php\/wp-json\/wp\/v2\/users\/1"}],"replies":[{"embeddable":true,"href":"https:\/\/www.communic-ames.com\/index.php\/wp-json\/wp\/v2\/comments?post=137"}],"version-history":[{"count":12,"href":"https:\/\/www.communic-ames.com\/index.php\/wp-json\/wp\/v2\/pages\/137\/revisions"}],"predecessor-version":[{"id":426,"href":"https:\/\/www.communic-ames.com\/index.php\/wp-json\/wp\/v2\/pages\/137\/revisions\/426"}],"wp:attachment":[{"href":"https:\/\/www.communic-ames.com\/index.php\/wp-json\/wp\/v2\/media?parent=137"}],"curies":[{"name":"wp","href":"https:\/\/api.w.org\/{rel}","templated":true}]}}