{"id":379,"date":"2025-11-21T11:40:42","date_gmt":"2025-11-21T10:40:42","guid":{"rendered":"https:\/\/www.communic-ames.com\/?page_id=379"},"modified":"2025-11-21T13:20:26","modified_gmt":"2025-11-21T12:20:26","slug":"communication-dame-a-ame","status":"publish","type":"page","link":"https:\/\/www.communic-ames.com\/index.php\/communication-dame-a-ame\/","title":{"rendered":"Communication d&rsquo;\u00e2me \u00e0 \u00e2me"},"content":{"rendered":"\t\t<div data-elementor-type=\"wp-page\" data-elementor-id=\"379\" class=\"elementor elementor-379\">\n\t\t\t\t<div class=\"elementor-element elementor-element-2019ff0 e-flex e-con-boxed e-con e-parent\" data-id=\"2019ff0\" data-element_type=\"container\" data-e-type=\"container\">\n\t\t\t\t\t<div class=\"e-con-inner\">\n\t\t\t\t<div class=\"elementor-element elementor-element-9c19339 elementor-widget elementor-widget-spacer\" data-id=\"9c19339\" data-element_type=\"widget\" data-e-type=\"widget\" data-widget_type=\"spacer.default\">\n\t\t\t\t<div class=\"elementor-widget-container\">\n\t\t\t\t\t\t\t<div class=\"elementor-spacer\">\n\t\t\t<div class=\"elementor-spacer-inner\"><\/div>\n\t\t<\/div>\n\t\t\t\t\t\t<\/div>\n\t\t\t\t<\/div>\n\t\t\t\t<div class=\"elementor-element elementor-element-a1f4d83 elementor-widget elementor-widget-image\" data-id=\"a1f4d83\" data-element_type=\"widget\" data-e-type=\"widget\" data-widget_type=\"image.default\">\n\t\t\t\t<div class=\"elementor-widget-container\">\n\t\t\t\t\t\t\t\t\t\t\t\t\t\t\t<img decoding=\"async\" width=\"300\" height=\"142\" src=\"https:\/\/www.communic-ames.com\/wp-content\/uploads\/2025\/11\/image-com-ame-300x142.png\" class=\"attachment-medium size-medium wp-image-408\" alt=\"\" srcset=\"https:\/\/www.communic-ames.com\/wp-content\/uploads\/2025\/11\/image-com-ame-300x142.png 300w, https:\/\/www.communic-ames.com\/wp-content\/uploads\/2025\/11\/image-com-ame-1024x486.png 1024w, https:\/\/www.communic-ames.com\/wp-content\/uploads\/2025\/11\/image-com-ame-768x365.png 768w, https:\/\/www.communic-ames.com\/wp-content\/uploads\/2025\/11\/image-com-ame.png 1536w\" sizes=\"(max-width: 300px) 100vw, 300px\" \/>\t\t\t\t\t\t\t\t\t\t\t\t\t\t\t<\/div>\n\t\t\t\t<\/div>\n\t\t\t\t<div class=\"elementor-element elementor-element-449544a elementor-widget elementor-widget-spacer\" data-id=\"449544a\" data-element_type=\"widget\" data-e-type=\"widget\" data-widget_type=\"spacer.default\">\n\t\t\t\t<div class=\"elementor-widget-container\">\n\t\t\t\t\t\t\t<div class=\"elementor-spacer\">\n\t\t\t<div class=\"elementor-spacer-inner\"><\/div>\n\t\t<\/div>\n\t\t\t\t\t\t<\/div>\n\t\t\t\t<\/div>\n\t\t\t\t<div class=\"elementor-element elementor-element-ad9815b elementor-widget elementor-widget-text-editor\" data-id=\"ad9815b\" data-element_type=\"widget\" data-e-type=\"widget\" data-widget_type=\"text-editor.default\">\n\t\t\t\t<div class=\"elementor-widget-container\">\n\t\t\t\t\t\t\t\t\t<div class=\"elementor-element elementor-element-d3dd802 elementor-widget elementor-widget-text-editor\" data-id=\"d3dd802\" data-element_type=\"widget\" data-widget_type=\"text-editor.default\"><p>La communication d\u2019\u00e2me, souvent appel\u00e9e \u00ab\u00a0<strong>communication intuitive<\/strong>\u00a0\u00bb ou \u00ab\u00a0<strong>communication t\u00e9l\u00e9pathique<\/strong> \u00bb, repose sur l\u2019id\u00e9e que les \u00eatres vivants peuvent \u00e9changer des informations, des ressentis et des \u00e9motions \u00e0 un niveau \u00e9nerg\u00e9tique ou spirituel. Ce type de communication est bas\u00e9 sur la conviction que toutes les \u00e2mes &#8211; humaines comme animales &#8211; sont naturellement <strong>interconnect\u00e9es<\/strong>.<\/p><div class=\"elementor-widget-container\"><p>Gr\u00e2ce \u00e0 cette approche, je vous accompagne pour <b>cr\u00e9er ou approfondir <\/b>un \u00e9change subtil<b>\u00a0<\/b>avec vos proches afin d&rsquo;acc\u00e9der \u00e0 des informations <strong>bloqu\u00e9es<\/strong>, <strong>refoul\u00e9es<\/strong> ou <strong>difficiles<\/strong> \u00e0 exprimer. Cela permet de mieux comprendre leurs \u00e9tats int\u00e9rieurs et d\u2019apporter un \u00e9clairage pr\u00e9cieux \u00e0 vos relations.<\/p><p>Cette connexion est b\u00e9n\u00e9fique lorsque la parole est limit\u00e9e ou impossible avec :<\/p><ul><li>les nourrissons<\/li><li>les personnes atteintes de troubles neurologiques (<b>autisme, Alzheimer, AVC<\/b>\u2026)<\/li><li>les personnes plong\u00e9es dans le<b> coma<\/b><\/li><li>les personnes <b>en fin de vie<\/b><\/li><li><p>les proches<b> d\u00e9funts <\/b>(minimum 6 mois apr\u00e8s son d\u00e9c\u00e8s)<\/p><\/li><\/ul><p>D\u00e9couvrir le monde int\u00e9rieur de votre entourage est une d\u00e9marche profonde et enrichissante capable de <b>transformer vos relations<\/b> de mani\u00e8re significative. Elle ouvre la voie \u00e0 de nouvelles perspectives sur la vie, permet de cr\u00e9er un espace de <strong>confiance mutuelle<\/strong> et favorise une approche plus sereine, attentive et respectueuse de leurs besoins et d\u00e9sirs.<\/p><\/div><\/div>\t\t\t\t\t\t\t\t<\/div>\n\t\t\t\t<\/div>\n\t\t\t\t\t<\/div>\n\t\t\t\t<\/div>\n\t\t\t\t<\/div>\n\t\t","protected":false},"excerpt":{"rendered":"<p>La communication d\u2019\u00e2me, souvent appel\u00e9e \u00ab\u00a0communication intuitive\u00a0\u00bb ou \u00ab\u00a0communication t\u00e9l\u00e9pathique \u00bb, repose sur l\u2019id\u00e9e que les \u00eatres vivants peuvent \u00e9changer des informations, des ressentis et des \u00e9motions \u00e0 un niveau \u00e9nerg\u00e9tique ou spirituel. Ce type de communication est bas\u00e9 sur la conviction que toutes les \u00e2mes &#8211; humaines comme animales &#8211; sont naturellement interconnect\u00e9es. Gr\u00e2ce [&hellip;]<\/p>\n","protected":false},"author":1,"featured_media":0,"parent":0,"menu_order":0,"comment_status":"closed","ping_status":"closed","template":"","meta":{"ocean_post_layout":"","ocean_both_sidebars_style":"","ocean_both_sidebars_content_width":0,"ocean_both_sidebars_sidebars_width":0,"ocean_sidebar":"","ocean_second_sidebar":"","ocean_disable_margins":"enable","ocean_add_body_class":"","ocean_shortcode_before_top_bar":"","ocean_shortcode_after_top_bar":"","ocean_shortcode_before_header":"","ocean_shortcode_after_header":"","ocean_has_shortcode":"","ocean_shortcode_after_title":"","ocean_shortcode_before_footer_widgets":"","ocean_shortcode_after_footer_widgets":"","ocean_shortcode_before_footer_bottom":"","ocean_shortcode_after_footer_bottom":"","ocean_display_top_bar":"default","ocean_display_header":"default","ocean_header_style":"","ocean_center_header_left_menu":"","ocean_custom_header_template":"","ocean_custom_logo":0,"ocean_custom_retina_logo":0,"ocean_custom_logo_max_width":0,"ocean_custom_logo_tablet_max_width":0,"ocean_custom_logo_mobile_max_width":0,"ocean_custom_logo_max_height":0,"ocean_custom_logo_tablet_max_height":0,"ocean_custom_logo_mobile_max_height":0,"ocean_header_custom_menu":"","ocean_menu_typo_font_family":"","ocean_menu_typo_font_subset":"","ocean_menu_typo_font_size":0,"ocean_menu_typo_font_size_tablet":0,"ocean_menu_typo_font_size_mobile":0,"ocean_menu_typo_font_size_unit":"px","ocean_menu_typo_font_weight":"","ocean_menu_typo_font_weight_tablet":"","ocean_menu_typo_font_weight_mobile":"","ocean_menu_typo_transform":"","ocean_menu_typo_transform_tablet":"","ocean_menu_typo_transform_mobile":"","ocean_menu_typo_line_height":0,"ocean_menu_typo_line_height_tablet":0,"ocean_menu_typo_line_height_mobile":0,"ocean_menu_typo_line_height_unit":"","ocean_menu_typo_spacing":0,"ocean_menu_typo_spacing_tablet":0,"ocean_menu_typo_spacing_mobile":0,"ocean_menu_typo_spacing_unit":"","ocean_menu_link_color":"","ocean_menu_link_color_hover":"","ocean_menu_link_color_active":"","ocean_menu_link_background":"","ocean_menu_link_hover_background":"","ocean_menu_link_active_background":"","ocean_menu_social_links_bg":"","ocean_menu_social_hover_links_bg":"","ocean_menu_social_links_color":"","ocean_menu_social_hover_links_color":"","ocean_disable_title":"on","ocean_disable_heading":"default","ocean_post_title":"","ocean_post_subheading":"","ocean_post_title_style":"","ocean_post_title_background_color":"","ocean_post_title_background":0,"ocean_post_title_bg_image_position":"","ocean_post_title_bg_image_attachment":"","ocean_post_title_bg_image_repeat":"","ocean_post_title_bg_image_size":"","ocean_post_title_height":0,"ocean_post_title_bg_overlay":0.5,"ocean_post_title_bg_overlay_color":"","ocean_disable_breadcrumbs":"default","ocean_breadcrumbs_color":"","ocean_breadcrumbs_separator_color":"","ocean_breadcrumbs_links_color":"","ocean_breadcrumbs_links_hover_color":"","ocean_display_footer_widgets":"default","ocean_display_footer_bottom":"default","ocean_custom_footer_template":"","footnotes":""},"class_list":["post-379","page","type-page","status-publish","hentry","entry"],"yoast_head":"<!-- This site is optimized with the Yoast SEO plugin v27.4 - https:\/\/yoast.com\/product\/yoast-seo-wordpress\/ -->\n<title>Communication d&#039;\u00e2me \u00e0 \u00e2me - Communic&#039;\u00e2mes<\/title>\n<meta name=\"robots\" content=\"index, follow, max-snippet:-1, max-image-preview:large, max-video-preview:-1\" \/>\n<link rel=\"canonical\" href=\"https:\/\/www.communic-ames.com\/index.php\/communication-dame-a-ame\/\" \/>\n<meta property=\"og:locale\" content=\"fr_FR\" \/>\n<meta property=\"og:type\" content=\"article\" \/>\n<meta property=\"og:title\" content=\"Communication d&#039;\u00e2me \u00e0 \u00e2me - Communic&#039;\u00e2mes\" \/>\n<meta property=\"og:description\" content=\"La communication d\u2019\u00e2me, souvent appel\u00e9e \u00ab\u00a0communication intuitive\u00a0\u00bb ou \u00ab\u00a0communication t\u00e9l\u00e9pathique \u00bb, repose sur l\u2019id\u00e9e que les \u00eatres vivants peuvent \u00e9changer des informations, des ressentis et des \u00e9motions \u00e0 un niveau \u00e9nerg\u00e9tique ou spirituel. Ce type de communication est bas\u00e9 sur la conviction que toutes les \u00e2mes &#8211; humaines comme animales &#8211; sont naturellement interconnect\u00e9es. Gr\u00e2ce [&hellip;]\" \/>\n<meta property=\"og:url\" content=\"https:\/\/www.communic-ames.com\/index.php\/communication-dame-a-ame\/\" \/>\n<meta property=\"og:site_name\" content=\"Communic&#039;\u00e2mes\" \/>\n<meta property=\"article:modified_time\" content=\"2025-11-21T12:20:26+00:00\" \/>\n<meta property=\"og:image\" content=\"https:\/\/www.communic-ames.com\/wp-content\/uploads\/2025\/11\/image-com-ame.png\" \/>\n\t<meta property=\"og:image:width\" content=\"1536\" \/>\n\t<meta property=\"og:image:height\" content=\"729\" \/>\n\t<meta property=\"og:image:type\" content=\"image\/png\" \/>\n<meta name=\"twitter:card\" content=\"summary_large_image\" \/>\n<meta name=\"twitter:label1\" content=\"Dur\u00e9e de lecture estim\u00e9e\" \/>\n\t<meta name=\"twitter:data1\" content=\"2 minutes\" \/>\n<script type=\"application\/ld+json\" class=\"yoast-schema-graph\">{\"@context\":\"https:\\\/\\\/schema.org\",\"@graph\":[{\"@type\":\"WebPage\",\"@id\":\"https:\\\/\\\/www.communic-ames.com\\\/index.php\\\/communication-dame-a-ame\\\/\",\"url\":\"https:\\\/\\\/www.communic-ames.com\\\/index.php\\\/communication-dame-a-ame\\\/\",\"name\":\"Communication d'\u00e2me \u00e0 \u00e2me - Communic&#039;\u00e2mes\",\"isPartOf\":{\"@id\":\"https:\\\/\\\/www.communic-ames.com\\\/#website\"},\"primaryImageOfPage\":{\"@id\":\"https:\\\/\\\/www.communic-ames.com\\\/index.php\\\/communication-dame-a-ame\\\/#primaryimage\"},\"image\":{\"@id\":\"https:\\\/\\\/www.communic-ames.com\\\/index.php\\\/communication-dame-a-ame\\\/#primaryimage\"},\"thumbnailUrl\":\"https:\\\/\\\/www.communic-ames.com\\\/wp-content\\\/uploads\\\/2025\\\/11\\\/image-com-ame-300x142.png\",\"datePublished\":\"2025-11-21T10:40:42+00:00\",\"dateModified\":\"2025-11-21T12:20:26+00:00\",\"breadcrumb\":{\"@id\":\"https:\\\/\\\/www.communic-ames.com\\\/index.php\\\/communication-dame-a-ame\\\/#breadcrumb\"},\"inLanguage\":\"fr-FR\",\"potentialAction\":[{\"@type\":\"ReadAction\",\"target\":[\"https:\\\/\\\/www.communic-ames.com\\\/index.php\\\/communication-dame-a-ame\\\/\"]}]},{\"@type\":\"ImageObject\",\"inLanguage\":\"fr-FR\",\"@id\":\"https:\\\/\\\/www.communic-ames.com\\\/index.php\\\/communication-dame-a-ame\\\/#primaryimage\",\"url\":\"https:\\\/\\\/www.communic-ames.com\\\/wp-content\\\/uploads\\\/2025\\\/11\\\/image-com-ame.png\",\"contentUrl\":\"https:\\\/\\\/www.communic-ames.com\\\/wp-content\\\/uploads\\\/2025\\\/11\\\/image-com-ame.png\",\"width\":1536,\"height\":729},{\"@type\":\"BreadcrumbList\",\"@id\":\"https:\\\/\\\/www.communic-ames.com\\\/index.php\\\/communication-dame-a-ame\\\/#breadcrumb\",\"itemListElement\":[{\"@type\":\"ListItem\",\"position\":1,\"name\":\"Accueil\",\"item\":\"https:\\\/\\\/www.communic-ames.com\\\/\"},{\"@type\":\"ListItem\",\"position\":2,\"name\":\"Communication d&rsquo;\u00e2me \u00e0 \u00e2me\"}]},{\"@type\":\"WebSite\",\"@id\":\"https:\\\/\\\/www.communic-ames.com\\\/#website\",\"url\":\"https:\\\/\\\/www.communic-ames.com\\\/\",\"name\":\"www.communic-ames.com\",\"description\":\"\",\"publisher\":{\"@id\":\"https:\\\/\\\/www.communic-ames.com\\\/#organization\"},\"potentialAction\":[{\"@type\":\"SearchAction\",\"target\":{\"@type\":\"EntryPoint\",\"urlTemplate\":\"https:\\\/\\\/www.communic-ames.com\\\/?s={search_term_string}\"},\"query-input\":{\"@type\":\"PropertyValueSpecification\",\"valueRequired\":true,\"valueName\":\"search_term_string\"}}],\"inLanguage\":\"fr-FR\"},{\"@type\":\"Organization\",\"@id\":\"https:\\\/\\\/www.communic-ames.com\\\/#organization\",\"name\":\"Communic'\u00e2mes\",\"url\":\"https:\\\/\\\/www.communic-ames.com\\\/\",\"logo\":{\"@type\":\"ImageObject\",\"inLanguage\":\"fr-FR\",\"@id\":\"https:\\\/\\\/www.communic-ames.com\\\/#\\\/schema\\\/logo\\\/image\\\/\",\"url\":\"https:\\\/\\\/www.communic-ames.com\\\/wp-content\\\/uploads\\\/2025\\\/12\\\/cropped-Logo-Communicames3.png\",\"contentUrl\":\"https:\\\/\\\/www.communic-ames.com\\\/wp-content\\\/uploads\\\/2025\\\/12\\\/cropped-Logo-Communicames3.png\",\"width\":1563,\"height\":858,\"caption\":\"Communic'\u00e2mes\"},\"image\":{\"@id\":\"https:\\\/\\\/www.communic-ames.com\\\/#\\\/schema\\\/logo\\\/image\\\/\"}}]}<\/script>\n<!-- \/ Yoast SEO plugin. -->","yoast_head_json":{"title":"Communication d'\u00e2me \u00e0 \u00e2me - Communic&#039;\u00e2mes","robots":{"index":"index","follow":"follow","max-snippet":"max-snippet:-1","max-image-preview":"max-image-preview:large","max-video-preview":"max-video-preview:-1"},"canonical":"https:\/\/www.communic-ames.com\/index.php\/communication-dame-a-ame\/","og_locale":"fr_FR","og_type":"article","og_title":"Communication d'\u00e2me \u00e0 \u00e2me - Communic&#039;\u00e2mes","og_description":"La communication d\u2019\u00e2me, souvent appel\u00e9e \u00ab\u00a0communication intuitive\u00a0\u00bb ou \u00ab\u00a0communication t\u00e9l\u00e9pathique \u00bb, repose sur l\u2019id\u00e9e que les \u00eatres vivants peuvent \u00e9changer des informations, des ressentis et des \u00e9motions \u00e0 un niveau \u00e9nerg\u00e9tique ou spirituel. Ce type de communication est bas\u00e9 sur la conviction que toutes les \u00e2mes &#8211; humaines comme animales &#8211; sont naturellement interconnect\u00e9es. Gr\u00e2ce [&hellip;]","og_url":"https:\/\/www.communic-ames.com\/index.php\/communication-dame-a-ame\/","og_site_name":"Communic&#039;\u00e2mes","article_modified_time":"2025-11-21T12:20:26+00:00","og_image":[{"width":1536,"height":729,"url":"https:\/\/www.communic-ames.com\/wp-content\/uploads\/2025\/11\/image-com-ame.png","type":"image\/png"}],"twitter_card":"summary_large_image","twitter_misc":{"Dur\u00e9e de lecture estim\u00e9e":"2 minutes"},"schema":{"@context":"https:\/\/schema.org","@graph":[{"@type":"WebPage","@id":"https:\/\/www.communic-ames.com\/index.php\/communication-dame-a-ame\/","url":"https:\/\/www.communic-ames.com\/index.php\/communication-dame-a-ame\/","name":"Communication d'\u00e2me \u00e0 \u00e2me - Communic&#039;\u00e2mes","isPartOf":{"@id":"https:\/\/www.communic-ames.com\/#website"},"primaryImageOfPage":{"@id":"https:\/\/www.communic-ames.com\/index.php\/communication-dame-a-ame\/#primaryimage"},"image":{"@id":"https:\/\/www.communic-ames.com\/index.php\/communication-dame-a-ame\/#primaryimage"},"thumbnailUrl":"https:\/\/www.communic-ames.com\/wp-content\/uploads\/2025\/11\/image-com-ame-300x142.png","datePublished":"2025-11-21T10:40:42+00:00","dateModified":"2025-11-21T12:20:26+00:00","breadcrumb":{"@id":"https:\/\/www.communic-ames.com\/index.php\/communication-dame-a-ame\/#breadcrumb"},"inLanguage":"fr-FR","potentialAction":[{"@type":"ReadAction","target":["https:\/\/www.communic-ames.com\/index.php\/communication-dame-a-ame\/"]}]},{"@type":"ImageObject","inLanguage":"fr-FR","@id":"https:\/\/www.communic-ames.com\/index.php\/communication-dame-a-ame\/#primaryimage","url":"https:\/\/www.communic-ames.com\/wp-content\/uploads\/2025\/11\/image-com-ame.png","contentUrl":"https:\/\/www.communic-ames.com\/wp-content\/uploads\/2025\/11\/image-com-ame.png","width":1536,"height":729},{"@type":"BreadcrumbList","@id":"https:\/\/www.communic-ames.com\/index.php\/communication-dame-a-ame\/#breadcrumb","itemListElement":[{"@type":"ListItem","position":1,"name":"Accueil","item":"https:\/\/www.communic-ames.com\/"},{"@type":"ListItem","position":2,"name":"Communication d&rsquo;\u00e2me \u00e0 \u00e2me"}]},{"@type":"WebSite","@id":"https:\/\/www.communic-ames.com\/#website","url":"https:\/\/www.communic-ames.com\/","name":"www.communic-ames.com","description":"","publisher":{"@id":"https:\/\/www.communic-ames.com\/#organization"},"potentialAction":[{"@type":"SearchAction","target":{"@type":"EntryPoint","urlTemplate":"https:\/\/www.communic-ames.com\/?s={search_term_string}"},"query-input":{"@type":"PropertyValueSpecification","valueRequired":true,"valueName":"search_term_string"}}],"inLanguage":"fr-FR"},{"@type":"Organization","@id":"https:\/\/www.communic-ames.com\/#organization","name":"Communic'\u00e2mes","url":"https:\/\/www.communic-ames.com\/","logo":{"@type":"ImageObject","inLanguage":"fr-FR","@id":"https:\/\/www.communic-ames.com\/#\/schema\/logo\/image\/","url":"https:\/\/www.communic-ames.com\/wp-content\/uploads\/2025\/12\/cropped-Logo-Communicames3.png","contentUrl":"https:\/\/www.communic-ames.com\/wp-content\/uploads\/2025\/12\/cropped-Logo-Communicames3.png","width":1563,"height":858,"caption":"Communic'\u00e2mes"},"image":{"@id":"https:\/\/www.communic-ames.com\/#\/schema\/logo\/image\/"}}]}},"_links":{"self":[{"href":"https:\/\/www.communic-ames.com\/index.php\/wp-json\/wp\/v2\/pages\/379","targetHints":{"allow":["GET"]}}],"collection":[{"href":"https:\/\/www.communic-ames.com\/index.php\/wp-json\/wp\/v2\/pages"}],"about":[{"href":"https:\/\/www.communic-ames.com\/index.php\/wp-json\/wp\/v2\/types\/page"}],"author":[{"embeddable":true,"href":"https:\/\/www.communic-ames.com\/index.php\/wp-json\/wp\/v2\/users\/1"}],"replies":[{"embeddable":true,"href":"https:\/\/www.communic-ames.com\/index.php\/wp-json\/wp\/v2\/comments?post=379"}],"version-history":[{"count":8,"href":"https:\/\/www.communic-ames.com\/index.php\/wp-json\/wp\/v2\/pages\/379\/revisions"}],"predecessor-version":[{"id":414,"href":"https:\/\/www.communic-ames.com\/index.php\/wp-json\/wp\/v2\/pages\/379\/revisions\/414"}],"wp:attachment":[{"href":"https:\/\/www.communic-ames.com\/index.php\/wp-json\/wp\/v2\/media?parent=379"}],"curies":[{"name":"wp","href":"https:\/\/api.w.org\/{rel}","templated":true}]}}