{"id":383,"date":"2025-11-21T11:41:35","date_gmt":"2025-11-21T10:41:35","guid":{"rendered":"https:\/\/www.communic-ames.com\/?page_id=383"},"modified":"2025-11-21T15:19:09","modified_gmt":"2025-11-21T14:19:09","slug":"guidance-personnelle","status":"publish","type":"page","link":"https:\/\/www.communic-ames.com\/index.php\/guidance-personnelle\/","title":{"rendered":"Guidance personnelle"},"content":{"rendered":"\t\t<div data-elementor-type=\"wp-page\" data-elementor-id=\"383\" class=\"elementor elementor-383\">\n\t\t\t\t<div class=\"elementor-element elementor-element-76b6758 e-flex e-con-boxed e-con e-parent\" data-id=\"76b6758\" data-element_type=\"container\" data-e-type=\"container\">\n\t\t\t\t\t<div class=\"e-con-inner\">\n\t\t\t\t<div class=\"elementor-element elementor-element-1b0fc4e elementor-widget elementor-widget-spacer\" data-id=\"1b0fc4e\" data-element_type=\"widget\" data-e-type=\"widget\" data-widget_type=\"spacer.default\">\n\t\t\t\t<div class=\"elementor-widget-container\">\n\t\t\t\t\t\t\t<div class=\"elementor-spacer\">\n\t\t\t<div class=\"elementor-spacer-inner\"><\/div>\n\t\t<\/div>\n\t\t\t\t\t\t<\/div>\n\t\t\t\t<\/div>\n\t\t\t\t<div class=\"elementor-element elementor-element-a9d1ac6 elementor-widget elementor-widget-image\" data-id=\"a9d1ac6\" data-element_type=\"widget\" data-e-type=\"widget\" data-widget_type=\"image.default\">\n\t\t\t\t<div class=\"elementor-widget-container\">\n\t\t\t\t\t\t\t\t\t\t\t\t\t\t\t<img fetchpriority=\"high\" decoding=\"async\" width=\"300\" height=\"199\" src=\"https:\/\/www.communic-ames.com\/wp-content\/uploads\/2025\/11\/purple-flowers-4025478_1280-300x199.jpg\" class=\"attachment-medium size-medium wp-image-448\" alt=\"\" srcset=\"https:\/\/www.communic-ames.com\/wp-content\/uploads\/2025\/11\/purple-flowers-4025478_1280-300x199.jpg 300w, https:\/\/www.communic-ames.com\/wp-content\/uploads\/2025\/11\/purple-flowers-4025478_1280-1024x681.jpg 1024w, https:\/\/www.communic-ames.com\/wp-content\/uploads\/2025\/11\/purple-flowers-4025478_1280-768x511.jpg 768w, https:\/\/www.communic-ames.com\/wp-content\/uploads\/2025\/11\/purple-flowers-4025478_1280.jpg 1280w\" sizes=\"(max-width: 300px) 100vw, 300px\" \/>\t\t\t\t\t\t\t\t\t\t\t\t\t\t\t<\/div>\n\t\t\t\t<\/div>\n\t\t\t\t\t<\/div>\n\t\t\t\t<\/div>\n\t\t<div class=\"elementor-element elementor-element-e027d95 e-flex e-con-boxed e-con e-parent\" data-id=\"e027d95\" data-element_type=\"container\" data-e-type=\"container\">\n\t\t\t\t\t<div class=\"e-con-inner\">\n\t\t\t\t<div class=\"elementor-element elementor-element-a5d4177 elementor-widget elementor-widget-spacer\" data-id=\"a5d4177\" data-element_type=\"widget\" data-e-type=\"widget\" data-widget_type=\"spacer.default\">\n\t\t\t\t<div class=\"elementor-widget-container\">\n\t\t\t\t\t\t\t<div class=\"elementor-spacer\">\n\t\t\t<div class=\"elementor-spacer-inner\"><\/div>\n\t\t<\/div>\n\t\t\t\t\t\t<\/div>\n\t\t\t\t<\/div>\n\t\t\t\t\t<\/div>\n\t\t\t\t<\/div>\n\t\t<div class=\"elementor-element elementor-element-52a8b4b e-flex e-con-boxed e-con e-parent\" data-id=\"52a8b4b\" data-element_type=\"container\" data-e-type=\"container\">\n\t\t\t\t\t<div class=\"e-con-inner\">\n\t\t\t\t<div class=\"elementor-element elementor-element-67f31af elementor-widget elementor-widget-text-editor\" data-id=\"67f31af\" data-element_type=\"widget\" data-e-type=\"widget\" data-widget_type=\"text-editor.default\">\n\t\t\t\t<div class=\"elementor-widget-container\">\n\t\t\t\t\t\t\t\t\t<p>Une guidance est un accompagnement destin\u00e9 \u00e0 offrir des \u00e9clairages, des messages ou des intuitions provenant de <strong>plans sup\u00e9rieurs<\/strong>. Elle vise \u00e0 aider une personne \u00e0 clarifier une situation bloqu\u00e9e, faire \u00e9merger des <strong>messages importants<\/strong>, voir ce que vous ne percevez pas consciemment, <strong>redonner du sens<\/strong> \u00e0 une \u00e9tape de vie, mieux comprendre son chemin de vie, ses blocages, ses \u00e9motions, ou \u00e0 se reconnecter \u00e0 sa propre <strong>sagesse int\u00e9rieure<\/strong>.<\/p><p>Je vous accompagne dans l\u2019exploration de vos aspirations profondes ainsi que dans la compr\u00e9hension de vos blocages int\u00e9rieurs.<\/p><p>Ensemble, nous \u00e9clairerons les doutes et interrogations qui traversent votre vie, gr\u00e2ce \u00e0 la <strong data-start=\"303\" data-end=\"319\">canalisation<\/strong> qui permet de recevoir des messages clairs, justes et align\u00e9s avec votre chemin personnel gr\u00e2ce \u00e0 :<\/p><ul><li>vos <b>guides spirituels<\/b>, ces entit\u00e9s bienveillantes qui offrent sagesse et conseil<\/li><li>votre <b>\u00eatre int\u00e9rieur<\/b>, la voix intuitive qui vous conna\u00eet v\u00e9ritablement<\/li><li><p>mes ressentis par le biais d&rsquo;informations transmises par <strong>clairsentience<\/strong> et <strong>transparler<\/strong><\/p><\/li><\/ul><p>L\u2019harmonie retrouv\u00e9e entre votre moi conscient et inconscient apporte une <strong>coh\u00e9rence profonde<\/strong> \u00e0 votre vie, vous aide \u00e0 lib\u00e9rer les blocages \u00e9motionnels et renforce durablement votre sentiment d\u2019<strong>accomplissement personnel<\/strong>.<\/p>\t\t\t\t\t\t\t\t<\/div>\n\t\t\t\t<\/div>\n\t\t\t\t\t<\/div>\n\t\t\t\t<\/div>\n\t\t\t\t<\/div>\n\t\t","protected":false},"excerpt":{"rendered":"<p>Une guidance est un accompagnement destin\u00e9 \u00e0 offrir des \u00e9clairages, des messages ou des intuitions provenant de plans sup\u00e9rieurs. Elle vise \u00e0 aider une personne \u00e0 clarifier une situation bloqu\u00e9e, faire \u00e9merger des messages importants, voir ce que vous ne percevez pas consciemment, redonner du sens \u00e0 une \u00e9tape de vie, mieux comprendre son chemin [&hellip;]<\/p>\n","protected":false},"author":1,"featured_media":0,"parent":0,"menu_order":0,"comment_status":"closed","ping_status":"closed","template":"","meta":{"ocean_post_layout":"","ocean_both_sidebars_style":"","ocean_both_sidebars_content_width":0,"ocean_both_sidebars_sidebars_width":0,"ocean_sidebar":"","ocean_second_sidebar":"","ocean_disable_margins":"enable","ocean_add_body_class":"","ocean_shortcode_before_top_bar":"","ocean_shortcode_after_top_bar":"","ocean_shortcode_before_header":"","ocean_shortcode_after_header":"","ocean_has_shortcode":"","ocean_shortcode_after_title":"","ocean_shortcode_before_footer_widgets":"","ocean_shortcode_after_footer_widgets":"","ocean_shortcode_before_footer_bottom":"","ocean_shortcode_after_footer_bottom":"","ocean_display_top_bar":"default","ocean_display_header":"default","ocean_header_style":"","ocean_center_header_left_menu":"","ocean_custom_header_template":"","ocean_custom_logo":0,"ocean_custom_retina_logo":0,"ocean_custom_logo_max_width":0,"ocean_custom_logo_tablet_max_width":0,"ocean_custom_logo_mobile_max_width":0,"ocean_custom_logo_max_height":0,"ocean_custom_logo_tablet_max_height":0,"ocean_custom_logo_mobile_max_height":0,"ocean_header_custom_menu":"","ocean_menu_typo_font_family":"","ocean_menu_typo_font_subset":"","ocean_menu_typo_font_size":0,"ocean_menu_typo_font_size_tablet":0,"ocean_menu_typo_font_size_mobile":0,"ocean_menu_typo_font_size_unit":"px","ocean_menu_typo_font_weight":"","ocean_menu_typo_font_weight_tablet":"","ocean_menu_typo_font_weight_mobile":"","ocean_menu_typo_transform":"","ocean_menu_typo_transform_tablet":"","ocean_menu_typo_transform_mobile":"","ocean_menu_typo_line_height":0,"ocean_menu_typo_line_height_tablet":0,"ocean_menu_typo_line_height_mobile":0,"ocean_menu_typo_line_height_unit":"","ocean_menu_typo_spacing":0,"ocean_menu_typo_spacing_tablet":0,"ocean_menu_typo_spacing_mobile":0,"ocean_menu_typo_spacing_unit":"","ocean_menu_link_color":"","ocean_menu_link_color_hover":"","ocean_menu_link_color_active":"","ocean_menu_link_background":"","ocean_menu_link_hover_background":"","ocean_menu_link_active_background":"","ocean_menu_social_links_bg":"","ocean_menu_social_hover_links_bg":"","ocean_menu_social_links_color":"","ocean_menu_social_hover_links_color":"","ocean_disable_title":"on","ocean_disable_heading":"default","ocean_post_title":"","ocean_post_subheading":"","ocean_post_title_style":"","ocean_post_title_background_color":"","ocean_post_title_background":0,"ocean_post_title_bg_image_position":"","ocean_post_title_bg_image_attachment":"","ocean_post_title_bg_image_repeat":"","ocean_post_title_bg_image_size":"","ocean_post_title_height":0,"ocean_post_title_bg_overlay":0.5,"ocean_post_title_bg_overlay_color":"","ocean_disable_breadcrumbs":"default","ocean_breadcrumbs_color":"","ocean_breadcrumbs_separator_color":"","ocean_breadcrumbs_links_color":"","ocean_breadcrumbs_links_hover_color":"","ocean_display_footer_widgets":"default","ocean_display_footer_bottom":"default","ocean_custom_footer_template":"","footnotes":""},"class_list":["post-383","page","type-page","status-publish","hentry","entry"],"yoast_head":"<!-- This site is optimized with the Yoast SEO plugin v27.4 - https:\/\/yoast.com\/product\/yoast-seo-wordpress\/ -->\n<title>Guidance personnelle - Communic&#039;\u00e2mes<\/title>\n<meta name=\"robots\" content=\"index, follow, max-snippet:-1, max-image-preview:large, max-video-preview:-1\" \/>\n<link rel=\"canonical\" href=\"https:\/\/www.communic-ames.com\/index.php\/guidance-personnelle\/\" \/>\n<meta property=\"og:locale\" content=\"fr_FR\" \/>\n<meta property=\"og:type\" content=\"article\" \/>\n<meta property=\"og:title\" content=\"Guidance personnelle - Communic&#039;\u00e2mes\" \/>\n<meta property=\"og:description\" content=\"Une guidance est un accompagnement destin\u00e9 \u00e0 offrir des \u00e9clairages, des messages ou des intuitions provenant de plans sup\u00e9rieurs. Elle vise \u00e0 aider une personne \u00e0 clarifier une situation bloqu\u00e9e, faire \u00e9merger des messages importants, voir ce que vous ne percevez pas consciemment, redonner du sens \u00e0 une \u00e9tape de vie, mieux comprendre son chemin [&hellip;]\" \/>\n<meta property=\"og:url\" content=\"https:\/\/www.communic-ames.com\/index.php\/guidance-personnelle\/\" \/>\n<meta property=\"og:site_name\" content=\"Communic&#039;\u00e2mes\" \/>\n<meta property=\"article:modified_time\" content=\"2025-11-21T14:19:09+00:00\" \/>\n<meta property=\"og:image\" content=\"https:\/\/www.communic-ames.com\/wp-content\/uploads\/2025\/11\/purple-flowers-4025478_1280.jpg\" \/>\n\t<meta property=\"og:image:width\" content=\"1280\" \/>\n\t<meta property=\"og:image:height\" content=\"851\" \/>\n\t<meta property=\"og:image:type\" content=\"image\/jpeg\" \/>\n<meta name=\"twitter:card\" content=\"summary_large_image\" \/>\n<meta name=\"twitter:label1\" content=\"Dur\u00e9e de lecture estim\u00e9e\" \/>\n\t<meta name=\"twitter:data1\" content=\"2 minutes\" \/>\n<script type=\"application\/ld+json\" class=\"yoast-schema-graph\">{\"@context\":\"https:\\\/\\\/schema.org\",\"@graph\":[{\"@type\":\"WebPage\",\"@id\":\"https:\\\/\\\/www.communic-ames.com\\\/index.php\\\/guidance-personnelle\\\/\",\"url\":\"https:\\\/\\\/www.communic-ames.com\\\/index.php\\\/guidance-personnelle\\\/\",\"name\":\"Guidance personnelle - Communic&#039;\u00e2mes\",\"isPartOf\":{\"@id\":\"https:\\\/\\\/www.communic-ames.com\\\/#website\"},\"primaryImageOfPage\":{\"@id\":\"https:\\\/\\\/www.communic-ames.com\\\/index.php\\\/guidance-personnelle\\\/#primaryimage\"},\"image\":{\"@id\":\"https:\\\/\\\/www.communic-ames.com\\\/index.php\\\/guidance-personnelle\\\/#primaryimage\"},\"thumbnailUrl\":\"https:\\\/\\\/www.communic-ames.com\\\/wp-content\\\/uploads\\\/2025\\\/11\\\/purple-flowers-4025478_1280-300x199.jpg\",\"datePublished\":\"2025-11-21T10:41:35+00:00\",\"dateModified\":\"2025-11-21T14:19:09+00:00\",\"breadcrumb\":{\"@id\":\"https:\\\/\\\/www.communic-ames.com\\\/index.php\\\/guidance-personnelle\\\/#breadcrumb\"},\"inLanguage\":\"fr-FR\",\"potentialAction\":[{\"@type\":\"ReadAction\",\"target\":[\"https:\\\/\\\/www.communic-ames.com\\\/index.php\\\/guidance-personnelle\\\/\"]}]},{\"@type\":\"ImageObject\",\"inLanguage\":\"fr-FR\",\"@id\":\"https:\\\/\\\/www.communic-ames.com\\\/index.php\\\/guidance-personnelle\\\/#primaryimage\",\"url\":\"https:\\\/\\\/www.communic-ames.com\\\/wp-content\\\/uploads\\\/2025\\\/11\\\/purple-flowers-4025478_1280.jpg\",\"contentUrl\":\"https:\\\/\\\/www.communic-ames.com\\\/wp-content\\\/uploads\\\/2025\\\/11\\\/purple-flowers-4025478_1280.jpg\",\"width\":1280,\"height\":851},{\"@type\":\"BreadcrumbList\",\"@id\":\"https:\\\/\\\/www.communic-ames.com\\\/index.php\\\/guidance-personnelle\\\/#breadcrumb\",\"itemListElement\":[{\"@type\":\"ListItem\",\"position\":1,\"name\":\"Accueil\",\"item\":\"https:\\\/\\\/www.communic-ames.com\\\/\"},{\"@type\":\"ListItem\",\"position\":2,\"name\":\"Guidance personnelle\"}]},{\"@type\":\"WebSite\",\"@id\":\"https:\\\/\\\/www.communic-ames.com\\\/#website\",\"url\":\"https:\\\/\\\/www.communic-ames.com\\\/\",\"name\":\"www.communic-ames.com\",\"description\":\"\",\"publisher\":{\"@id\":\"https:\\\/\\\/www.communic-ames.com\\\/#organization\"},\"potentialAction\":[{\"@type\":\"SearchAction\",\"target\":{\"@type\":\"EntryPoint\",\"urlTemplate\":\"https:\\\/\\\/www.communic-ames.com\\\/?s={search_term_string}\"},\"query-input\":{\"@type\":\"PropertyValueSpecification\",\"valueRequired\":true,\"valueName\":\"search_term_string\"}}],\"inLanguage\":\"fr-FR\"},{\"@type\":\"Organization\",\"@id\":\"https:\\\/\\\/www.communic-ames.com\\\/#organization\",\"name\":\"Communic'\u00e2mes\",\"url\":\"https:\\\/\\\/www.communic-ames.com\\\/\",\"logo\":{\"@type\":\"ImageObject\",\"inLanguage\":\"fr-FR\",\"@id\":\"https:\\\/\\\/www.communic-ames.com\\\/#\\\/schema\\\/logo\\\/image\\\/\",\"url\":\"https:\\\/\\\/www.communic-ames.com\\\/wp-content\\\/uploads\\\/2025\\\/12\\\/cropped-Logo-Communicames3.png\",\"contentUrl\":\"https:\\\/\\\/www.communic-ames.com\\\/wp-content\\\/uploads\\\/2025\\\/12\\\/cropped-Logo-Communicames3.png\",\"width\":1563,\"height\":858,\"caption\":\"Communic'\u00e2mes\"},\"image\":{\"@id\":\"https:\\\/\\\/www.communic-ames.com\\\/#\\\/schema\\\/logo\\\/image\\\/\"}}]}<\/script>\n<!-- \/ Yoast SEO plugin. -->","yoast_head_json":{"title":"Guidance personnelle - Communic&#039;\u00e2mes","robots":{"index":"index","follow":"follow","max-snippet":"max-snippet:-1","max-image-preview":"max-image-preview:large","max-video-preview":"max-video-preview:-1"},"canonical":"https:\/\/www.communic-ames.com\/index.php\/guidance-personnelle\/","og_locale":"fr_FR","og_type":"article","og_title":"Guidance personnelle - Communic&#039;\u00e2mes","og_description":"Une guidance est un accompagnement destin\u00e9 \u00e0 offrir des \u00e9clairages, des messages ou des intuitions provenant de plans sup\u00e9rieurs. Elle vise \u00e0 aider une personne \u00e0 clarifier une situation bloqu\u00e9e, faire \u00e9merger des messages importants, voir ce que vous ne percevez pas consciemment, redonner du sens \u00e0 une \u00e9tape de vie, mieux comprendre son chemin [&hellip;]","og_url":"https:\/\/www.communic-ames.com\/index.php\/guidance-personnelle\/","og_site_name":"Communic&#039;\u00e2mes","article_modified_time":"2025-11-21T14:19:09+00:00","og_image":[{"width":1280,"height":851,"url":"https:\/\/www.communic-ames.com\/wp-content\/uploads\/2025\/11\/purple-flowers-4025478_1280.jpg","type":"image\/jpeg"}],"twitter_card":"summary_large_image","twitter_misc":{"Dur\u00e9e de lecture estim\u00e9e":"2 minutes"},"schema":{"@context":"https:\/\/schema.org","@graph":[{"@type":"WebPage","@id":"https:\/\/www.communic-ames.com\/index.php\/guidance-personnelle\/","url":"https:\/\/www.communic-ames.com\/index.php\/guidance-personnelle\/","name":"Guidance personnelle - Communic&#039;\u00e2mes","isPartOf":{"@id":"https:\/\/www.communic-ames.com\/#website"},"primaryImageOfPage":{"@id":"https:\/\/www.communic-ames.com\/index.php\/guidance-personnelle\/#primaryimage"},"image":{"@id":"https:\/\/www.communic-ames.com\/index.php\/guidance-personnelle\/#primaryimage"},"thumbnailUrl":"https:\/\/www.communic-ames.com\/wp-content\/uploads\/2025\/11\/purple-flowers-4025478_1280-300x199.jpg","datePublished":"2025-11-21T10:41:35+00:00","dateModified":"2025-11-21T14:19:09+00:00","breadcrumb":{"@id":"https:\/\/www.communic-ames.com\/index.php\/guidance-personnelle\/#breadcrumb"},"inLanguage":"fr-FR","potentialAction":[{"@type":"ReadAction","target":["https:\/\/www.communic-ames.com\/index.php\/guidance-personnelle\/"]}]},{"@type":"ImageObject","inLanguage":"fr-FR","@id":"https:\/\/www.communic-ames.com\/index.php\/guidance-personnelle\/#primaryimage","url":"https:\/\/www.communic-ames.com\/wp-content\/uploads\/2025\/11\/purple-flowers-4025478_1280.jpg","contentUrl":"https:\/\/www.communic-ames.com\/wp-content\/uploads\/2025\/11\/purple-flowers-4025478_1280.jpg","width":1280,"height":851},{"@type":"BreadcrumbList","@id":"https:\/\/www.communic-ames.com\/index.php\/guidance-personnelle\/#breadcrumb","itemListElement":[{"@type":"ListItem","position":1,"name":"Accueil","item":"https:\/\/www.communic-ames.com\/"},{"@type":"ListItem","position":2,"name":"Guidance personnelle"}]},{"@type":"WebSite","@id":"https:\/\/www.communic-ames.com\/#website","url":"https:\/\/www.communic-ames.com\/","name":"www.communic-ames.com","description":"","publisher":{"@id":"https:\/\/www.communic-ames.com\/#organization"},"potentialAction":[{"@type":"SearchAction","target":{"@type":"EntryPoint","urlTemplate":"https:\/\/www.communic-ames.com\/?s={search_term_string}"},"query-input":{"@type":"PropertyValueSpecification","valueRequired":true,"valueName":"search_term_string"}}],"inLanguage":"fr-FR"},{"@type":"Organization","@id":"https:\/\/www.communic-ames.com\/#organization","name":"Communic'\u00e2mes","url":"https:\/\/www.communic-ames.com\/","logo":{"@type":"ImageObject","inLanguage":"fr-FR","@id":"https:\/\/www.communic-ames.com\/#\/schema\/logo\/image\/","url":"https:\/\/www.communic-ames.com\/wp-content\/uploads\/2025\/12\/cropped-Logo-Communicames3.png","contentUrl":"https:\/\/www.communic-ames.com\/wp-content\/uploads\/2025\/12\/cropped-Logo-Communicames3.png","width":1563,"height":858,"caption":"Communic'\u00e2mes"},"image":{"@id":"https:\/\/www.communic-ames.com\/#\/schema\/logo\/image\/"}}]}},"_links":{"self":[{"href":"https:\/\/www.communic-ames.com\/index.php\/wp-json\/wp\/v2\/pages\/383","targetHints":{"allow":["GET"]}}],"collection":[{"href":"https:\/\/www.communic-ames.com\/index.php\/wp-json\/wp\/v2\/pages"}],"about":[{"href":"https:\/\/www.communic-ames.com\/index.php\/wp-json\/wp\/v2\/types\/page"}],"author":[{"embeddable":true,"href":"https:\/\/www.communic-ames.com\/index.php\/wp-json\/wp\/v2\/users\/1"}],"replies":[{"embeddable":true,"href":"https:\/\/www.communic-ames.com\/index.php\/wp-json\/wp\/v2\/comments?post=383"}],"version-history":[{"count":5,"href":"https:\/\/www.communic-ames.com\/index.php\/wp-json\/wp\/v2\/pages\/383\/revisions"}],"predecessor-version":[{"id":454,"href":"https:\/\/www.communic-ames.com\/index.php\/wp-json\/wp\/v2\/pages\/383\/revisions\/454"}],"wp:attachment":[{"href":"https:\/\/www.communic-ames.com\/index.php\/wp-json\/wp\/v2\/media?parent=383"}],"curies":[{"name":"wp","href":"https:\/\/api.w.org\/{rel}","templated":true}]}}